{"id":233,"date":"2021-12-08T14:06:42","date_gmt":"2021-12-08T13:06:42","guid":{"rendered":"https:\/\/gastroservice-werner.de\/?page_id=233"},"modified":"2021-12-08T14:32:51","modified_gmt":"2021-12-08T13:32:51","slug":"kochkurse","status":"publish","type":"page","link":"https:\/\/gastroservice-werner.de\/index.php\/angebote\/kochkurse\/","title":{"rendered":"Kochkurse"},"content":{"rendered":"\n<div class=\"wp-block-columns alignwide is-layout-flex wp-container-core-columns-is-layout-9d6595d7 wp-block-columns-is-layout-flex\">\n<div class=\"wp-block-column is-layout-flow wp-block-column-is-layout-flow\" style=\"flex-basis:50%\">\n<div class=\"wp-block-themeisle-blocks-advanced-columns has-1-columns has-desktop-equal-layout has-tablet-equal-layout has-mobile-equal-layout has-default-gap has-vertical-unset\" id=\"wp-block-themeisle-blocks-advanced-columns-a5f6da98\"><div class=\"wp-block-themeisle-blocks-advanced-columns-overlay\"><\/div><div class=\"innerblocks-wrap\">\n<div class=\"wp-block-themeisle-blocks-advanced-column\" id=\"wp-block-themeisle-blocks-advanced-column-6a4ce235\">\n<h2 class=\"alignfull wp-block-heading\" id=\"block-d2a8efe0-e9a7-433d-ac6c-88fc35985f1c\"><strong>Kochkurse- Schulungen- Workshops<\/strong><\/h2>\n\n\n\n<p id=\"block-0ed6f4d4-5f6c-4780-ac28-5a7bba678885\">Wir bieten exklusive Kochkurse f\u00fcr Sie und Ihre Freunde an.<\/p>\n\n\n\n<p id=\"block-5b81b4f1-f97a-4ebf-b103-9f64130e53d3\">Sie erlernen dabei professionelle Kochtechniken und Umgang mit K\u00fcchenger\u00e4ten durch unsere langj\u00e4hrige Erfahrungen sind wir die beste Unterst\u00fctzung f\u00fcr Sie.<\/p>\n\n\n\n<p id=\"block-c3ba0f6c-0482-4455-9390-6ad390b06763\">Das Zubereiten Ihrer Speisen inklusive verfeinern und erstellen eigener Rezepturen.<br>\ufeff<\/p>\n\n\n\n<p id=\"block-bbbc726a-2c2e-4d41-8488-2e2a69ede8cb\">Der Kochkurs wird individuell auf Ihre Bed\u00fcrfnisse und Ihren Kenntnisstand angepasst.<br><br>Ein Kochkurs geht &#8211; je nach Ihren Bed\u00fcrfnissen &#8211; ab 20 stunden bis zu 40 Stunden.<\/p>\n\n\n\n<p id=\"block-2e13c4df-9c4b-4d9c-b170-cef153e3d6ba\">Sie erhalten ein auf Sie zugeschnittenes Angebot. N\u00fctzen Sie unser Kontaktformular und erfahren Sie mehr.<\/p>\n<\/div>\n<\/div><\/div>\n<\/div>\n\n\n\n<div class=\"wp-block-column is-layout-flow wp-block-column-is-layout-flow\" style=\"flex-basis:50%\">\n<figure class=\"wp-block-image size-large is-resized\"><img loading=\"lazy\" decoding=\"async\" src=\"https:\/\/gastroservice-werner.de\/wp-content\/uploads\/2021\/12\/cook-g588a303e9_1280-1-edited.jpg\" alt=\"\" class=\"wp-image-247\" width=\"506\" height=\"315\" srcset=\"https:\/\/gastroservice-werner.de\/wp-content\/uploads\/2021\/12\/cook-g588a303e9_1280-1-edited.jpg 853w, https:\/\/gastroservice-werner.de\/wp-content\/uploads\/2021\/12\/cook-g588a303e9_1280-1-edited-300x187.jpg 300w, https:\/\/gastroservice-werner.de\/wp-content\/uploads\/2021\/12\/cook-g588a303e9_1280-1-edited-768x479.jpg 768w, https:\/\/gastroservice-werner.de\/wp-content\/uploads\/2021\/12\/cook-g588a303e9_1280-1-edited-480x300.jpg 480w, https:\/\/gastroservice-werner.de\/wp-content\/uploads\/2021\/12\/cook-g588a303e9_1280-1-edited-640x400.jpg 640w\" sizes=\"auto, (max-width: 506px) 100vw, 506px\" \/><\/figure>\n<\/div>\n<\/div>\n","protected":false},"excerpt":{"rendered":"","protected":false},"author":1,"featured_media":240,"parent":203,"menu_order":-1,"comment_status":"closed","ping_status":"closed","template":"","meta":{"footnotes":""},"class_list":["post-233","page","type-page","status-publish","has-post-thumbnail","hentry"],"yoast_head":"<!-- This site is optimized with the Yoast SEO plugin v27.3 - https:\/\/yoast.com\/product\/yoast-seo-wordpress\/ -->\n<title>Kochkurse - Gastroservice Werner<\/title>\n<meta name=\"description\" content=\"Wir bieten Ihnen individuelle, auf sie angepasste Kochkurse in famili\u00e4rer Umgebung. Sie lernen von unserer langj\u00e4hrigen Erfahrung - magnus.werner@gastroservice-werner.de\" \/>\n<meta name=\"robots\" content=\"index, follow, max-snippet:-1, max-image-preview:large, max-video-preview:-1\" \/>\n<link rel=\"canonical\" href=\"https:\/\/gastroservice-werner.de\/index.php\/angebote\/kochkurse\/\" \/>\n<meta property=\"og:locale\" content=\"de_DE\" \/>\n<meta property=\"og:type\" content=\"article\" \/>\n<meta property=\"og:title\" content=\"Kochkurse - Gastroservice Werner\" \/>\n<meta property=\"og:description\" content=\"Wir bieten Ihnen individuelle, auf sie angepasste Kochkurse in famili\u00e4rer Umgebung. Sie lernen von unserer langj\u00e4hrigen Erfahrung - magnus.werner@gastroservice-werner.de\" \/>\n<meta property=\"og:url\" content=\"https:\/\/gastroservice-werner.de\/index.php\/angebote\/kochkurse\/\" \/>\n<meta property=\"og:site_name\" content=\"Gastroservice Werner\" \/>\n<meta property=\"article:modified_time\" content=\"2021-12-08T13:32:51+00:00\" \/>\n<meta property=\"og:image\" content=\"https:\/\/gastroservice-werner.de\/wp-content\/uploads\/2021\/12\/cook-g588a303e9_1280.jpg\" \/>\n\t<meta property=\"og:image:width\" content=\"853\" \/>\n\t<meta property=\"og:image:height\" content=\"1280\" \/>\n\t<meta property=\"og:image:type\" content=\"image\/jpeg\" \/>\n<meta name=\"twitter:card\" content=\"summary_large_image\" \/>\n<meta name=\"twitter:label1\" content=\"Gesch\u00e4tzte Lesezeit\" \/>\n\t<meta name=\"twitter:data1\" content=\"1\u00a0Minute\" \/>\n<script type=\"application\/ld+json\" class=\"yoast-schema-graph\">{\"@context\":\"https:\\\/\\\/schema.org\",\"@graph\":[{\"@type\":\"WebPage\",\"@id\":\"https:\\\/\\\/gastroservice-werner.de\\\/index.php\\\/angebote\\\/kochkurse\\\/\",\"url\":\"https:\\\/\\\/gastroservice-werner.de\\\/index.php\\\/angebote\\\/kochkurse\\\/\",\"name\":\"Kochkurse - Gastroservice Werner\",\"isPartOf\":{\"@id\":\"https:\\\/\\\/gastroservice-werner.de\\\/#website\"},\"primaryImageOfPage\":{\"@id\":\"https:\\\/\\\/gastroservice-werner.de\\\/index.php\\\/angebote\\\/kochkurse\\\/#primaryimage\"},\"image\":{\"@id\":\"https:\\\/\\\/gastroservice-werner.de\\\/index.php\\\/angebote\\\/kochkurse\\\/#primaryimage\"},\"thumbnailUrl\":\"https:\\\/\\\/gastroservice-werner.de\\\/wp-content\\\/uploads\\\/2021\\\/12\\\/cook-g588a303e9_1280.jpg\",\"datePublished\":\"2021-12-08T13:06:42+00:00\",\"dateModified\":\"2021-12-08T13:32:51+00:00\",\"description\":\"Wir bieten Ihnen individuelle, auf sie angepasste Kochkurse in famili\u00e4rer Umgebung. Sie lernen von unserer langj\u00e4hrigen Erfahrung - magnus.werner@gastroservice-werner.de\",\"breadcrumb\":{\"@id\":\"https:\\\/\\\/gastroservice-werner.de\\\/index.php\\\/angebote\\\/kochkurse\\\/#breadcrumb\"},\"inLanguage\":\"de\",\"potentialAction\":[{\"@type\":\"ReadAction\",\"target\":[\"https:\\\/\\\/gastroservice-werner.de\\\/index.php\\\/angebote\\\/kochkurse\\\/\"]}]},{\"@type\":\"ImageObject\",\"inLanguage\":\"de\",\"@id\":\"https:\\\/\\\/gastroservice-werner.de\\\/index.php\\\/angebote\\\/kochkurse\\\/#primaryimage\",\"url\":\"https:\\\/\\\/gastroservice-werner.de\\\/wp-content\\\/uploads\\\/2021\\\/12\\\/cook-g588a303e9_1280.jpg\",\"contentUrl\":\"https:\\\/\\\/gastroservice-werner.de\\\/wp-content\\\/uploads\\\/2021\\\/12\\\/cook-g588a303e9_1280.jpg\",\"width\":853,\"height\":1280},{\"@type\":\"BreadcrumbList\",\"@id\":\"https:\\\/\\\/gastroservice-werner.de\\\/index.php\\\/angebote\\\/kochkurse\\\/#breadcrumb\",\"itemListElement\":[{\"@type\":\"ListItem\",\"position\":1,\"name\":\"Home\",\"item\":\"https:\\\/\\\/gastroservice-werner.de\\\/\"},{\"@type\":\"ListItem\",\"position\":2,\"name\":\"Angebote\",\"item\":\"https:\\\/\\\/gastroservice-werner.de\\\/index.php\\\/angebote\\\/\"},{\"@type\":\"ListItem\",\"position\":3,\"name\":\"Kochkurse\"}]},{\"@type\":\"WebSite\",\"@id\":\"https:\\\/\\\/gastroservice-werner.de\\\/#website\",\"url\":\"https:\\\/\\\/gastroservice-werner.de\\\/\",\"name\":\"Gastroservice Werner\",\"description\":\"Gastroservice Werner\",\"publisher\":{\"@id\":\"https:\\\/\\\/gastroservice-werner.de\\\/#organization\"},\"potentialAction\":[{\"@type\":\"SearchAction\",\"target\":{\"@type\":\"EntryPoint\",\"urlTemplate\":\"https:\\\/\\\/gastroservice-werner.de\\\/?s={search_term_string}\"},\"query-input\":{\"@type\":\"PropertyValueSpecification\",\"valueRequired\":true,\"valueName\":\"search_term_string\"}}],\"inLanguage\":\"de\"},{\"@type\":\"Organization\",\"@id\":\"https:\\\/\\\/gastroservice-werner.de\\\/#organization\",\"name\":\"Gastroservice Werner\",\"url\":\"https:\\\/\\\/gastroservice-werner.de\\\/\",\"logo\":{\"@type\":\"ImageObject\",\"inLanguage\":\"de\",\"@id\":\"https:\\\/\\\/gastroservice-werner.de\\\/#\\\/schema\\\/logo\\\/image\\\/\",\"url\":\"https:\\\/\\\/gastroservice-werner.de\\\/wp-content\\\/uploads\\\/2021\\\/12\\\/Gastroservice_Werner_Logo_4c.png\",\"contentUrl\":\"https:\\\/\\\/gastroservice-werner.de\\\/wp-content\\\/uploads\\\/2021\\\/12\\\/Gastroservice_Werner_Logo_4c.png\",\"width\":612,\"height\":907,\"caption\":\"Gastroservice Werner\"},\"image\":{\"@id\":\"https:\\\/\\\/gastroservice-werner.de\\\/#\\\/schema\\\/logo\\\/image\\\/\"}}]}<\/script>\n<!-- \/ Yoast SEO plugin. -->","yoast_head_json":{"title":"Kochkurse - Gastroservice Werner","description":"Wir bieten Ihnen individuelle, auf sie angepasste Kochkurse in famili\u00e4rer Umgebung. Sie lernen von unserer langj\u00e4hrigen Erfahrung - magnus.werner@gastroservice-werner.de","robots":{"index":"index","follow":"follow","max-snippet":"max-snippet:-1","max-image-preview":"max-image-preview:large","max-video-preview":"max-video-preview:-1"},"canonical":"https:\/\/gastroservice-werner.de\/index.php\/angebote\/kochkurse\/","og_locale":"de_DE","og_type":"article","og_title":"Kochkurse - Gastroservice Werner","og_description":"Wir bieten Ihnen individuelle, auf sie angepasste Kochkurse in famili\u00e4rer Umgebung. Sie lernen von unserer langj\u00e4hrigen Erfahrung - magnus.werner@gastroservice-werner.de","og_url":"https:\/\/gastroservice-werner.de\/index.php\/angebote\/kochkurse\/","og_site_name":"Gastroservice Werner","article_modified_time":"2021-12-08T13:32:51+00:00","og_image":[{"width":853,"height":1280,"url":"https:\/\/gastroservice-werner.de\/wp-content\/uploads\/2021\/12\/cook-g588a303e9_1280.jpg","type":"image\/jpeg"}],"twitter_card":"summary_large_image","twitter_misc":{"Gesch\u00e4tzte Lesezeit":"1\u00a0Minute"},"schema":{"@context":"https:\/\/schema.org","@graph":[{"@type":"WebPage","@id":"https:\/\/gastroservice-werner.de\/index.php\/angebote\/kochkurse\/","url":"https:\/\/gastroservice-werner.de\/index.php\/angebote\/kochkurse\/","name":"Kochkurse - Gastroservice Werner","isPartOf":{"@id":"https:\/\/gastroservice-werner.de\/#website"},"primaryImageOfPage":{"@id":"https:\/\/gastroservice-werner.de\/index.php\/angebote\/kochkurse\/#primaryimage"},"image":{"@id":"https:\/\/gastroservice-werner.de\/index.php\/angebote\/kochkurse\/#primaryimage"},"thumbnailUrl":"https:\/\/gastroservice-werner.de\/wp-content\/uploads\/2021\/12\/cook-g588a303e9_1280.jpg","datePublished":"2021-12-08T13:06:42+00:00","dateModified":"2021-12-08T13:32:51+00:00","description":"Wir bieten Ihnen individuelle, auf sie angepasste Kochkurse in famili\u00e4rer Umgebung. Sie lernen von unserer langj\u00e4hrigen Erfahrung - magnus.werner@gastroservice-werner.de","breadcrumb":{"@id":"https:\/\/gastroservice-werner.de\/index.php\/angebote\/kochkurse\/#breadcrumb"},"inLanguage":"de","potentialAction":[{"@type":"ReadAction","target":["https:\/\/gastroservice-werner.de\/index.php\/angebote\/kochkurse\/"]}]},{"@type":"ImageObject","inLanguage":"de","@id":"https:\/\/gastroservice-werner.de\/index.php\/angebote\/kochkurse\/#primaryimage","url":"https:\/\/gastroservice-werner.de\/wp-content\/uploads\/2021\/12\/cook-g588a303e9_1280.jpg","contentUrl":"https:\/\/gastroservice-werner.de\/wp-content\/uploads\/2021\/12\/cook-g588a303e9_1280.jpg","width":853,"height":1280},{"@type":"BreadcrumbList","@id":"https:\/\/gastroservice-werner.de\/index.php\/angebote\/kochkurse\/#breadcrumb","itemListElement":[{"@type":"ListItem","position":1,"name":"Home","item":"https:\/\/gastroservice-werner.de\/"},{"@type":"ListItem","position":2,"name":"Angebote","item":"https:\/\/gastroservice-werner.de\/index.php\/angebote\/"},{"@type":"ListItem","position":3,"name":"Kochkurse"}]},{"@type":"WebSite","@id":"https:\/\/gastroservice-werner.de\/#website","url":"https:\/\/gastroservice-werner.de\/","name":"Gastroservice Werner","description":"Gastroservice Werner","publisher":{"@id":"https:\/\/gastroservice-werner.de\/#organization"},"potentialAction":[{"@type":"SearchAction","target":{"@type":"EntryPoint","urlTemplate":"https:\/\/gastroservice-werner.de\/?s={search_term_string}"},"query-input":{"@type":"PropertyValueSpecification","valueRequired":true,"valueName":"search_term_string"}}],"inLanguage":"de"},{"@type":"Organization","@id":"https:\/\/gastroservice-werner.de\/#organization","name":"Gastroservice Werner","url":"https:\/\/gastroservice-werner.de\/","logo":{"@type":"ImageObject","inLanguage":"de","@id":"https:\/\/gastroservice-werner.de\/#\/schema\/logo\/image\/","url":"https:\/\/gastroservice-werner.de\/wp-content\/uploads\/2021\/12\/Gastroservice_Werner_Logo_4c.png","contentUrl":"https:\/\/gastroservice-werner.de\/wp-content\/uploads\/2021\/12\/Gastroservice_Werner_Logo_4c.png","width":612,"height":907,"caption":"Gastroservice Werner"},"image":{"@id":"https:\/\/gastroservice-werner.de\/#\/schema\/logo\/image\/"}}]}},"_links":{"self":[{"href":"https:\/\/gastroservice-werner.de\/index.php\/wp-json\/wp\/v2\/pages\/233","targetHints":{"allow":["GET"]}}],"collection":[{"href":"https:\/\/gastroservice-werner.de\/index.php\/wp-json\/wp\/v2\/pages"}],"about":[{"href":"https:\/\/gastroservice-werner.de\/index.php\/wp-json\/wp\/v2\/types\/page"}],"author":[{"embeddable":true,"href":"https:\/\/gastroservice-werner.de\/index.php\/wp-json\/wp\/v2\/users\/1"}],"replies":[{"embeddable":true,"href":"https:\/\/gastroservice-werner.de\/index.php\/wp-json\/wp\/v2\/comments?post=233"}],"version-history":[{"count":3,"href":"https:\/\/gastroservice-werner.de\/index.php\/wp-json\/wp\/v2\/pages\/233\/revisions"}],"predecessor-version":[{"id":248,"href":"https:\/\/gastroservice-werner.de\/index.php\/wp-json\/wp\/v2\/pages\/233\/revisions\/248"}],"up":[{"embeddable":true,"href":"https:\/\/gastroservice-werner.de\/index.php\/wp-json\/wp\/v2\/pages\/203"}],"wp:featuredmedia":[{"embeddable":true,"href":"https:\/\/gastroservice-werner.de\/index.php\/wp-json\/wp\/v2\/media\/240"}],"wp:attachment":[{"href":"https:\/\/gastroservice-werner.de\/index.php\/wp-json\/wp\/v2\/media?parent=233"}],"curies":[{"name":"wp","href":"https:\/\/api.w.org\/{rel}","templated":true}]}}