{"id":203,"date":"2021-12-08T13:18:49","date_gmt":"2021-12-08T12:18:49","guid":{"rendered":"https:\/\/gastroservice-werner.de\/?page_id=203"},"modified":"2022-02-21T09:17:51","modified_gmt":"2022-02-21T08:17:51","slug":"angebote","status":"publish","type":"page","link":"https:\/\/gastroservice-werner.de\/index.php\/angebote\/","title":{"rendered":"Angebote"},"content":{"rendered":"\n<p><\/p>\n\n\n\n<section class=\"wp-block-themeisle-blocks-advanced-columns alignfull has-1-columns has-desktop-equal-layout has-tablet-equal-layout has-mobile-equal-layout has-default-gap has-vertical-flex-start\" id=\"wp-block-themeisle-blocks-advanced-columns-dab9e0bf\"><div class=\"wp-block-themeisle-blocks-advanced-columns-overlay\"><\/div><div class=\"innerblocks-wrap\">\n<div class=\"wp-block-themeisle-blocks-advanced-column\" id=\"wp-block-themeisle-blocks-advanced-column-9df22226\">\n<section class=\"wp-block-themeisle-blocks-advanced-columns has-1-columns has-desktop-equal-layout has-tablet-equal-layout has-mobile-equal-layout has-nogap-gap has-vertical-flex-start\" id=\"wp-block-themeisle-blocks-advanced-columns-25c95699\"><div class=\"wp-block-themeisle-blocks-advanced-columns-overlay\"><\/div><div class=\"innerblocks-wrap\">\n<div class=\"wp-block-themeisle-blocks-advanced-column\" id=\"wp-block-themeisle-blocks-advanced-column-d4d9a4f8\">\n<div id=\"wp-block-themeisle-blocks-advanced-heading-b8d1b344\" class=\"wp-block-themeisle-blocks-advanced-heading wp-block-themeisle-blocks-advanced-heading-b8d1b344\"><strong>Unsere Angebote f\u00fcr Sie<\/strong><\/div>\n\n\n\n<h2 class=\"has-text-align-center wp-block-heading\" id=\"angebote\">Angebote<\/h2>\n\n\n\n<hr class=\"wp-block-separator has-text-color has-background has-black-background-color has-black-color\"\/>\n\n\n\n<p class=\"has-text-align-center\">Wir haben f\u00fcr Sie unsere aktuellen Angebote zusammen gestellt. Hier finden Sie unseren Foodtruck, sowie eine Auswahl an Buffet und Men\u00fcvorschl\u00e4ge sowie unsere aktuelle Wochenkarte f\u00fcr den Foodtruck und die Maultaschenbestellliste.<\/p>\n<\/div>\n<\/div><\/section>\n\n\n\n<section class=\"wp-block-themeisle-blocks-advanced-columns has-2-columns has-desktop-equal-layout has-tablet-equal-layout has-mobile-collapsedRows-layout has-nogap-gap has-vertical-flex-start\" id=\"wp-block-themeisle-blocks-advanced-columns-b56443a0\"><div class=\"wp-block-themeisle-blocks-advanced-columns-overlay\"><\/div><div class=\"innerblocks-wrap\">\n<div class=\"wp-block-themeisle-blocks-advanced-column\" id=\"wp-block-themeisle-blocks-advanced-column-1bb9ffb4\">\n<figure class=\"wp-block-image size-large\"><a href=\"https:\/\/gastroservice-werner.de\/index.php\/angebote\/menueauswahl\/\" target=\"_blank\" rel=\"noopener\"><img loading=\"lazy\" decoding=\"async\" width=\"1024\" height=\"884\" src=\"https:\/\/gastroservice-werner.de\/wp-content\/uploads\/2022\/01\/P1010983-1024x884.jpg\" alt=\"\" class=\"wp-image-451\" srcset=\"https:\/\/gastroservice-werner.de\/wp-content\/uploads\/2022\/01\/P1010983-1024x884.jpg 1024w, https:\/\/gastroservice-werner.de\/wp-content\/uploads\/2022\/01\/P1010983-300x259.jpg 300w, https:\/\/gastroservice-werner.de\/wp-content\/uploads\/2022\/01\/P1010983-768x663.jpg 768w, https:\/\/gastroservice-werner.de\/wp-content\/uploads\/2022\/01\/P1010983-1536x1326.jpg 1536w, https:\/\/gastroservice-werner.de\/wp-content\/uploads\/2022\/01\/P1010983-2048x1768.jpg 2048w\" sizes=\"auto, (max-width: 1024px) 100vw, 1024px\" \/><\/a><\/figure>\n\n\n\n<h3 class=\"has-text-align-center wp-block-heading\" id=\"unsere-buffet-und-menuauswahl\">Unsere Buffet und Men\u00fcauswahl<\/h3>\n\n\n\n<p class=\"has-text-align-center\">Sie sind auf der Suche nach einem B\u00fcfett oder ein Galadinner? Dann lassen sie sich von unserem reichhaltigen Angebot \u00fcberzeugen. Individuelle Zusammenstellungen k\u00f6nnen wir im Gespr\u00e4ch kl\u00e4ren.<\/p>\n\n\n\n<p><\/p>\n<\/div>\n\n\n\n<div class=\"wp-block-themeisle-blocks-advanced-column\" id=\"wp-block-themeisle-blocks-advanced-column-e0a218d6\">\n<figure class=\"wp-block-image size-full\"><a href=\"https:\/\/gastroservice-werner.de\/index.php\/maultaschenkarte-aktuelle-wochenkarte\/\"><img loading=\"lazy\" decoding=\"async\" width=\"701\" height=\"606\" src=\"https:\/\/gastroservice-werner.de\/wp-content\/uploads\/2022\/01\/Flyer-Manufactur3.jpg\" alt=\"\" class=\"wp-image-432\" srcset=\"https:\/\/gastroservice-werner.de\/wp-content\/uploads\/2022\/01\/Flyer-Manufactur3.jpg 701w, https:\/\/gastroservice-werner.de\/wp-content\/uploads\/2022\/01\/Flyer-Manufactur3-300x259.jpg 300w\" sizes=\"auto, (max-width: 701px) 100vw, 701px\" \/><\/a><\/figure>\n\n\n\n<h3 class=\"has-text-align-center wp-block-heading\" id=\"unsere-aktuelle-wochenkarte\">Unsere aktuelle Wochenkarte<\/h3>\n\n\n\n<p class=\"has-text-align-center\">Unsere aktuelle Wochenkarte f\u00fcr Sie, sowie unseren Maultaschenbestellflyer finden Sie hier.<br>Lieferung gegen Aufpreis m\u00f6glich.<\/p>\n<\/div>\n<\/div><\/section>\n<\/div>\n<\/div><\/section>\n\n\n\n<section class=\"wp-block-themeisle-blocks-advanced-columns alignfull has-2-columns has-desktop-equal-layout has-tablet-equal-layout has-mobile-collapsedRows-layout has-nogap-gap has-vertical-center\" id=\"wp-block-themeisle-blocks-advanced-columns-de72ff39\"><div class=\"wp-block-themeisle-blocks-advanced-columns-overlay\"><\/div><div class=\"innerblocks-wrap\">\n<div class=\"wp-block-themeisle-blocks-advanced-column\" id=\"wp-block-themeisle-blocks-advanced-column-41f6cecb\">\n<figure class=\"wp-block-image size-large\"><img loading=\"lazy\" decoding=\"async\" width=\"1024\" height=\"768\" src=\"https:\/\/gastroservice-werner.de\/wp-content\/uploads\/2022\/01\/IMG-20211023-WA0006-1024x768.jpeg\" alt=\"\" class=\"wp-image-492\" srcset=\"https:\/\/gastroservice-werner.de\/wp-content\/uploads\/2022\/01\/IMG-20211023-WA0006-1024x768.jpeg 1024w, https:\/\/gastroservice-werner.de\/wp-content\/uploads\/2022\/01\/IMG-20211023-WA0006-300x225.jpeg 300w, https:\/\/gastroservice-werner.de\/wp-content\/uploads\/2022\/01\/IMG-20211023-WA0006-768x576.jpeg 768w, https:\/\/gastroservice-werner.de\/wp-content\/uploads\/2022\/01\/IMG-20211023-WA0006-1536x1152.jpeg 1536w, https:\/\/gastroservice-werner.de\/wp-content\/uploads\/2022\/01\/IMG-20211023-WA0006.jpeg 1638w\" sizes=\"auto, (max-width: 1024px) 100vw, 1024px\" \/><\/figure>\n<\/div>\n\n\n\n<div class=\"wp-block-themeisle-blocks-advanced-column\" id=\"wp-block-themeisle-blocks-advanced-column-5af0a9d5\">\n<div id=\"wp-block-themeisle-blocks-advanced-heading-b6575732\" class=\"wp-block-themeisle-blocks-advanced-heading wp-block-themeisle-blocks-advanced-heading-b6575732\"><strong>Unser Foodtruck<\/strong><\/div>\n\n\n\n<h2 class=\"has-text-align-left wp-block-heading\" id=\"foodtruck\">Foodtruck<\/h2>\n<\/div>\n<\/div><\/section>\n\n\n\n<p><\/p>\n\n\n\n<p><\/p>\n","protected":false},"excerpt":{"rendered":"","protected":false},"author":1,"featured_media":0,"parent":0,"menu_order":0,"comment_status":"closed","ping_status":"closed","template":"template-fullwidth.php","meta":{"footnotes":""},"class_list":["post-203","page","type-page","status-publish","hentry"],"yoast_head":"<!-- This site is optimized with the Yoast SEO plugin v27.5 - https:\/\/yoast.com\/product\/yoast-seo-wordpress\/ -->\n<title>Angebote - Gastroservice Werner<\/title>\n<meta name=\"description\" content=\"Unsere aktuellen Angebote f\u00fcr Sie auf einen Blick zusammengefasst. Lassen sie uns gemeinsam ihre n\u00e4chste Feier zu etwas ganz besonderen werden.\" \/>\n<meta name=\"robots\" content=\"index, follow, max-snippet:-1, max-image-preview:large, max-video-preview:-1\" \/>\n<link rel=\"canonical\" href=\"https:\/\/gastroservice-werner.de\/index.php\/angebote\/\" \/>\n<meta property=\"og:locale\" content=\"de_DE\" \/>\n<meta property=\"og:type\" content=\"article\" \/>\n<meta property=\"og:title\" content=\"Angebote - Gastroservice Werner\" \/>\n<meta property=\"og:description\" content=\"Unsere aktuellen Angebote f\u00fcr Sie auf einen Blick zusammengefasst. Lassen sie uns gemeinsam ihre n\u00e4chste Feier zu etwas ganz besonderen werden.\" \/>\n<meta property=\"og:url\" content=\"https:\/\/gastroservice-werner.de\/index.php\/angebote\/\" \/>\n<meta property=\"og:site_name\" content=\"Gastroservice Werner\" \/>\n<meta property=\"article:modified_time\" content=\"2022-02-21T08:17:51+00:00\" \/>\n<meta property=\"og:image\" content=\"https:\/\/gastroservice-werner.de\/wp-content\/uploads\/2022\/01\/P1010983-1024x884.jpg\" \/>\n<meta name=\"twitter:card\" content=\"summary_large_image\" \/>\n<meta name=\"twitter:label1\" content=\"Gesch\u00e4tzte Lesezeit\" \/>\n\t<meta name=\"twitter:data1\" content=\"2\u00a0Minuten\" \/>\n<script type=\"application\/ld+json\" class=\"yoast-schema-graph\">{\"@context\":\"https:\\\/\\\/schema.org\",\"@graph\":[{\"@type\":\"WebPage\",\"@id\":\"https:\\\/\\\/gastroservice-werner.de\\\/index.php\\\/angebote\\\/\",\"url\":\"https:\\\/\\\/gastroservice-werner.de\\\/index.php\\\/angebote\\\/\",\"name\":\"Angebote - Gastroservice Werner\",\"isPartOf\":{\"@id\":\"https:\\\/\\\/gastroservice-werner.de\\\/#website\"},\"primaryImageOfPage\":{\"@id\":\"https:\\\/\\\/gastroservice-werner.de\\\/index.php\\\/angebote\\\/#primaryimage\"},\"image\":{\"@id\":\"https:\\\/\\\/gastroservice-werner.de\\\/index.php\\\/angebote\\\/#primaryimage\"},\"thumbnailUrl\":\"https:\\\/\\\/gastroservice-werner.de\\\/wp-content\\\/uploads\\\/2022\\\/01\\\/P1010983-1024x884.jpg\",\"datePublished\":\"2021-12-08T12:18:49+00:00\",\"dateModified\":\"2022-02-21T08:17:51+00:00\",\"description\":\"Unsere aktuellen Angebote f\u00fcr Sie auf einen Blick zusammengefasst. Lassen sie uns gemeinsam ihre n\u00e4chste Feier zu etwas ganz besonderen werden.\",\"breadcrumb\":{\"@id\":\"https:\\\/\\\/gastroservice-werner.de\\\/index.php\\\/angebote\\\/#breadcrumb\"},\"inLanguage\":\"de\",\"potentialAction\":[{\"@type\":\"ReadAction\",\"target\":[\"https:\\\/\\\/gastroservice-werner.de\\\/index.php\\\/angebote\\\/\"]}]},{\"@type\":\"ImageObject\",\"inLanguage\":\"de\",\"@id\":\"https:\\\/\\\/gastroservice-werner.de\\\/index.php\\\/angebote\\\/#primaryimage\",\"url\":\"https:\\\/\\\/gastroservice-werner.de\\\/wp-content\\\/uploads\\\/2022\\\/01\\\/P1010983-scaled.jpg\",\"contentUrl\":\"https:\\\/\\\/gastroservice-werner.de\\\/wp-content\\\/uploads\\\/2022\\\/01\\\/P1010983-scaled.jpg\",\"width\":2560,\"height\":2210},{\"@type\":\"BreadcrumbList\",\"@id\":\"https:\\\/\\\/gastroservice-werner.de\\\/index.php\\\/angebote\\\/#breadcrumb\",\"itemListElement\":[{\"@type\":\"ListItem\",\"position\":1,\"name\":\"Home\",\"item\":\"https:\\\/\\\/gastroservice-werner.de\\\/\"},{\"@type\":\"ListItem\",\"position\":2,\"name\":\"Angebote\"}]},{\"@type\":\"WebSite\",\"@id\":\"https:\\\/\\\/gastroservice-werner.de\\\/#website\",\"url\":\"https:\\\/\\\/gastroservice-werner.de\\\/\",\"name\":\"Gastroservice Werner\",\"description\":\"Gastroservice Werner\",\"publisher\":{\"@id\":\"https:\\\/\\\/gastroservice-werner.de\\\/#organization\"},\"potentialAction\":[{\"@type\":\"SearchAction\",\"target\":{\"@type\":\"EntryPoint\",\"urlTemplate\":\"https:\\\/\\\/gastroservice-werner.de\\\/?s={search_term_string}\"},\"query-input\":{\"@type\":\"PropertyValueSpecification\",\"valueRequired\":true,\"valueName\":\"search_term_string\"}}],\"inLanguage\":\"de\"},{\"@type\":\"Organization\",\"@id\":\"https:\\\/\\\/gastroservice-werner.de\\\/#organization\",\"name\":\"Gastroservice Werner\",\"url\":\"https:\\\/\\\/gastroservice-werner.de\\\/\",\"logo\":{\"@type\":\"ImageObject\",\"inLanguage\":\"de\",\"@id\":\"https:\\\/\\\/gastroservice-werner.de\\\/#\\\/schema\\\/logo\\\/image\\\/\",\"url\":\"https:\\\/\\\/gastroservice-werner.de\\\/wp-content\\\/uploads\\\/2021\\\/12\\\/Gastroservice_Werner_Logo_4c.png\",\"contentUrl\":\"https:\\\/\\\/gastroservice-werner.de\\\/wp-content\\\/uploads\\\/2021\\\/12\\\/Gastroservice_Werner_Logo_4c.png\",\"width\":612,\"height\":907,\"caption\":\"Gastroservice Werner\"},\"image\":{\"@id\":\"https:\\\/\\\/gastroservice-werner.de\\\/#\\\/schema\\\/logo\\\/image\\\/\"}}]}<\/script>\n<!-- \/ Yoast SEO plugin. -->","yoast_head_json":{"title":"Angebote - Gastroservice Werner","description":"Unsere aktuellen Angebote f\u00fcr Sie auf einen Blick zusammengefasst. Lassen sie uns gemeinsam ihre n\u00e4chste Feier zu etwas ganz besonderen werden.","robots":{"index":"index","follow":"follow","max-snippet":"max-snippet:-1","max-image-preview":"max-image-preview:large","max-video-preview":"max-video-preview:-1"},"canonical":"https:\/\/gastroservice-werner.de\/index.php\/angebote\/","og_locale":"de_DE","og_type":"article","og_title":"Angebote - Gastroservice Werner","og_description":"Unsere aktuellen Angebote f\u00fcr Sie auf einen Blick zusammengefasst. Lassen sie uns gemeinsam ihre n\u00e4chste Feier zu etwas ganz besonderen werden.","og_url":"https:\/\/gastroservice-werner.de\/index.php\/angebote\/","og_site_name":"Gastroservice Werner","article_modified_time":"2022-02-21T08:17:51+00:00","og_image":[{"url":"https:\/\/gastroservice-werner.de\/wp-content\/uploads\/2022\/01\/P1010983-1024x884.jpg","type":"","width":"","height":""}],"twitter_card":"summary_large_image","twitter_misc":{"Gesch\u00e4tzte Lesezeit":"2\u00a0Minuten"},"schema":{"@context":"https:\/\/schema.org","@graph":[{"@type":"WebPage","@id":"https:\/\/gastroservice-werner.de\/index.php\/angebote\/","url":"https:\/\/gastroservice-werner.de\/index.php\/angebote\/","name":"Angebote - Gastroservice Werner","isPartOf":{"@id":"https:\/\/gastroservice-werner.de\/#website"},"primaryImageOfPage":{"@id":"https:\/\/gastroservice-werner.de\/index.php\/angebote\/#primaryimage"},"image":{"@id":"https:\/\/gastroservice-werner.de\/index.php\/angebote\/#primaryimage"},"thumbnailUrl":"https:\/\/gastroservice-werner.de\/wp-content\/uploads\/2022\/01\/P1010983-1024x884.jpg","datePublished":"2021-12-08T12:18:49+00:00","dateModified":"2022-02-21T08:17:51+00:00","description":"Unsere aktuellen Angebote f\u00fcr Sie auf einen Blick zusammengefasst. Lassen sie uns gemeinsam ihre n\u00e4chste Feier zu etwas ganz besonderen werden.","breadcrumb":{"@id":"https:\/\/gastroservice-werner.de\/index.php\/angebote\/#breadcrumb"},"inLanguage":"de","potentialAction":[{"@type":"ReadAction","target":["https:\/\/gastroservice-werner.de\/index.php\/angebote\/"]}]},{"@type":"ImageObject","inLanguage":"de","@id":"https:\/\/gastroservice-werner.de\/index.php\/angebote\/#primaryimage","url":"https:\/\/gastroservice-werner.de\/wp-content\/uploads\/2022\/01\/P1010983-scaled.jpg","contentUrl":"https:\/\/gastroservice-werner.de\/wp-content\/uploads\/2022\/01\/P1010983-scaled.jpg","width":2560,"height":2210},{"@type":"BreadcrumbList","@id":"https:\/\/gastroservice-werner.de\/index.php\/angebote\/#breadcrumb","itemListElement":[{"@type":"ListItem","position":1,"name":"Home","item":"https:\/\/gastroservice-werner.de\/"},{"@type":"ListItem","position":2,"name":"Angebote"}]},{"@type":"WebSite","@id":"https:\/\/gastroservice-werner.de\/#website","url":"https:\/\/gastroservice-werner.de\/","name":"Gastroservice Werner","description":"Gastroservice Werner","publisher":{"@id":"https:\/\/gastroservice-werner.de\/#organization"},"potentialAction":[{"@type":"SearchAction","target":{"@type":"EntryPoint","urlTemplate":"https:\/\/gastroservice-werner.de\/?s={search_term_string}"},"query-input":{"@type":"PropertyValueSpecification","valueRequired":true,"valueName":"search_term_string"}}],"inLanguage":"de"},{"@type":"Organization","@id":"https:\/\/gastroservice-werner.de\/#organization","name":"Gastroservice Werner","url":"https:\/\/gastroservice-werner.de\/","logo":{"@type":"ImageObject","inLanguage":"de","@id":"https:\/\/gastroservice-werner.de\/#\/schema\/logo\/image\/","url":"https:\/\/gastroservice-werner.de\/wp-content\/uploads\/2021\/12\/Gastroservice_Werner_Logo_4c.png","contentUrl":"https:\/\/gastroservice-werner.de\/wp-content\/uploads\/2021\/12\/Gastroservice_Werner_Logo_4c.png","width":612,"height":907,"caption":"Gastroservice Werner"},"image":{"@id":"https:\/\/gastroservice-werner.de\/#\/schema\/logo\/image\/"}}]}},"_links":{"self":[{"href":"https:\/\/gastroservice-werner.de\/index.php\/wp-json\/wp\/v2\/pages\/203","targetHints":{"allow":["GET"]}}],"collection":[{"href":"https:\/\/gastroservice-werner.de\/index.php\/wp-json\/wp\/v2\/pages"}],"about":[{"href":"https:\/\/gastroservice-werner.de\/index.php\/wp-json\/wp\/v2\/types\/page"}],"author":[{"embeddable":true,"href":"https:\/\/gastroservice-werner.de\/index.php\/wp-json\/wp\/v2\/users\/1"}],"replies":[{"embeddable":true,"href":"https:\/\/gastroservice-werner.de\/index.php\/wp-json\/wp\/v2\/comments?post=203"}],"version-history":[{"count":6,"href":"https:\/\/gastroservice-werner.de\/index.php\/wp-json\/wp\/v2\/pages\/203\/revisions"}],"predecessor-version":[{"id":592,"href":"https:\/\/gastroservice-werner.de\/index.php\/wp-json\/wp\/v2\/pages\/203\/revisions\/592"}],"wp:attachment":[{"href":"https:\/\/gastroservice-werner.de\/index.php\/wp-json\/wp\/v2\/media?parent=203"}],"curies":[{"name":"wp","href":"https:\/\/api.w.org\/{rel}","templated":true}]}}